{"id":52,"date":"2026-03-18T10:58:39","date_gmt":"2026-03-18T10:58:39","guid":{"rendered":"https:\/\/jakturo.site\/?page_id=52"},"modified":"2026-03-18T10:58:42","modified_gmt":"2026-03-18T10:58:42","slug":"impressum-und-rechtliche-hinweise","status":"publish","type":"page","link":"https:\/\/jakturo.site\/?page_id=52","title":{"rendered":"Impressum Und Rechtliche Hinweise"},"content":{"rendered":"\n<p>Dieses Impressum regelt die rechtlichen Rahmenbedingungen f\u00fcr die Nutzung der Website <strong>jakturo<\/strong>, \u00fcber die exklusive Banja- und Saunaerlebnisse gebucht werden k\u00f6nnen. Es erf\u00fcllt die Informationspflichten gem\u00e4\u00df \u00a7 5 des Telemediengesetzes (TMG).<\/p>\n\n\n\n<p><strong>ANGABEN ZUM BETREIBER<\/strong><\/p>\n\n\n\n<ul class=\"wp-block-list\">\n<li><strong>Verantwortlich:<\/strong> Alaa Edris<\/li>\n\n\n\n<li><strong>Adresse:<\/strong> Schanzstra\u00dfe 7, 66424 Homburg, Deutschland<\/li>\n\n\n\n<li><strong>Plattform:<\/strong> jakturo<\/li>\n\n\n\n<li><strong>E-Mail-Kontakt:<\/strong> <strong>mail@jakturo.site<\/strong><\/li>\n<\/ul>\n\n\n\n<p><strong>HAFTUNG F\u00dcR INHALTE UND LINKS<\/strong> Als Diensteanbieter sind wir gem\u00e4\u00df \u00a7 7 Abs.1 TMG f\u00fcr eigene Inhalte auf diesen Seiten nach den allgemeinen Gesetzen verantwortlich. Die Inhalte unserer Seiten wurden mit gr\u00f6\u00dfter Sorgfalt erstellt. F\u00fcr die Richtigkeit, Vollst\u00e4ndigkeit und Aktualit\u00e4t der Inhalte k\u00f6nnen wir jedoch keine Gew\u00e4hr \u00fcbernehmen. Unser Angebot enth\u00e4lt Links zu externen Websites Dritter, auf deren Inhalte wir keinen Einfluss haben. Deshalb k\u00f6nnen wir f\u00fcr diese fremden Inhalte auch keine Gew\u00e4hr \u00fcbernehmen.<\/p>\n\n\n\n<p><strong>URHEBERRECHT<\/strong> Die durch Alaa Edris erstellten Inhalte, Bilder der Saunalandschaften und Texte auf jakturo unterliegen dem deutschen Urheberrecht. Die Vervielf\u00e4ltigung, Bearbeitung, Verbreitung und jede Art der Verwertung au\u00dferhalb der Grenzen des Urheberrechtes bed\u00fcrfen der schriftlichen Zustimmung des Betreibers.<\/p>\n","protected":false},"excerpt":{"rendered":"<p>Dieses Impressum regelt die rechtlichen Rahmenbedingungen f\u00fcr die Nutzung der Website jakturo, \u00fcber die exklusive Banja- und Saunaerlebnisse gebucht werden k\u00f6nnen. Es erf\u00fcllt die Informationspflichten gem\u00e4\u00df \u00a7 5 des Telemediengesetzes (TMG). ANGABEN ZUM BETREIBER HAFTUNG F\u00dcR INHALTE UND LINKS Als&#8230; <a class=\"di-continue-reading\" href=\"https:\/\/jakturo.site\/?page_id=52\"> Continue Reading&#8230;<\/a><\/p>\n","protected":false},"author":1,"featured_media":0,"parent":0,"menu_order":6,"comment_status":"closed","ping_status":"closed","template":"","meta":{"footnotes":""},"class_list":["post-52","page","type-page","status-publish","hentry"],"_links":{"self":[{"href":"https:\/\/jakturo.site\/index.php?rest_route=\/wp\/v2\/pages\/52","targetHints":{"allow":["GET"]}}],"collection":[{"href":"https:\/\/jakturo.site\/index.php?rest_route=\/wp\/v2\/pages"}],"about":[{"href":"https:\/\/jakturo.site\/index.php?rest_route=\/wp\/v2\/types\/page"}],"author":[{"embeddable":true,"href":"https:\/\/jakturo.site\/index.php?rest_route=\/wp\/v2\/users\/1"}],"replies":[{"embeddable":true,"href":"https:\/\/jakturo.site\/index.php?rest_route=%2Fwp%2Fv2%2Fcomments&post=52"}],"version-history":[{"count":1,"href":"https:\/\/jakturo.site\/index.php?rest_route=\/wp\/v2\/pages\/52\/revisions"}],"predecessor-version":[{"id":54,"href":"https:\/\/jakturo.site\/index.php?rest_route=\/wp\/v2\/pages\/52\/revisions\/54"}],"wp:attachment":[{"href":"https:\/\/jakturo.site\/index.php?rest_route=%2Fwp%2Fv2%2Fmedia&parent=52"}],"curies":[{"name":"wp","href":"https:\/\/api.w.org\/{rel}","templated":true}]}}